{"id":2404,"date":"2021-05-13T13:19:55","date_gmt":"2021-05-13T13:19:55","guid":{"rendered":"http:\/\/www.plexissolutions.com\/?page_id=2404"},"modified":"2021-05-14T10:20:13","modified_gmt":"2021-05-14T10:20:13","slug":"small-business-consulting","status":"publish","type":"page","link":"https:\/\/www.plexissolutions.com\/fr\/solutions\/small-business-consulting\/","title":{"rendered":"Conseil aux petites entreprises"},"content":{"rendered":"<div data-elementor-type=\"wp-page\" data-elementor-id=\"2404\" class=\"elementor elementor-2404\" data-elementor-settings=\"[]\">\n\t\t\t\t\t\t\t<div class=\"elementor-section-wrap\">\n\t\t\t\t\t\t\t<section class=\"elementor-section elementor-top-section elementor-element elementor-element-54ed2141 elementor-section-stretched elementor-section-height-min-height elementor-section-boxed elementor-section-height-default elementor-section-items-middle elementor-invisible\" data-id=\"54ed2141\" data-element_type=\"section\" data-settings=\"{&quot;background_background&quot;:&quot;classic&quot;,&quot;stretch_section&quot;:&quot;section-stretched&quot;,&quot;animation&quot;:&quot;fadeIn&quot;}\">\n\t\t\t\t\t\t\t<div class=\"elementor-background-overlay\"><\/div>\n\t\t\t\t\t\t\t<div class=\"elementor-container elementor-column-gap-no\">\n\t\t\t\t\t<div class=\"elementor-column elementor-col-100 elementor-top-column elementor-element elementor-element-175884d8\" data-id=\"175884d8\" data-element_type=\"column\">\n\t\t\t<div class=\"elementor-widget-wrap elementor-element-populated\">\n\t\t\t\t\t\t\t\t<div class=\"elementor-element elementor-element-68ec10b6 elementor-widget elementor-widget-heading\" data-id=\"68ec10b6\" data-element_type=\"widget\" data-widget_type=\"heading.default\">\n\t\t\t\t<div class=\"elementor-widget-container\">\n\t\t\t<h1 class=\"elementor-heading-title elementor-size-default\">Conseil aux petites entreprises<\/h1>\t\t<\/div>\n\t\t\t\t<\/div>\n\t\t\t\t<div class=\"elementor-element elementor-element-2b271807 elementor-widget elementor-widget-heading\" data-id=\"2b271807\" data-element_type=\"widget\" data-widget_type=\"heading.default\">\n\t\t\t\t<div class=\"elementor-widget-container\">\n\t\t\t<p class=\"elementor-heading-title elementor-size-default\">Nous vous aidons \u00e0 d\u00e9velopper des comp\u00e9tences et des connaissances \u00e0 appliquer \u00e0 votre entreprise.<\/p>\t\t<\/div>\n\t\t\t\t<\/div>\n\t\t\t\t\t<\/div>\n\t\t<\/div>\n\t\t\t\t\t\t\t<\/div>\n\t\t<\/section>\n\t\t\t\t<section class=\"elementor-section elementor-top-section elementor-element elementor-element-1f9c4ca0 elementor-section-boxed elementor-section-height-default elementor-section-height-default\" data-id=\"1f9c4ca0\" data-element_type=\"section\">\n\t\t\t\t\t\t<div class=\"elementor-container elementor-column-gap-default\">\n\t\t\t\t\t<div class=\"elementor-column elementor-col-50 elementor-top-column elementor-element elementor-element-59a10af\" data-id=\"59a10af\" data-element_type=\"column\">\n\t\t\t<div class=\"elementor-widget-wrap elementor-element-populated\">\n\t\t\t\t\t\t\t\t<section class=\"elementor-section elementor-inner-section elementor-element elementor-element-2df9eea0 elementor-section-boxed elementor-section-height-default elementor-section-height-default\" data-id=\"2df9eea0\" data-element_type=\"section\">\n\t\t\t\t\t\t<div class=\"elementor-container elementor-column-gap-default\">\n\t\t\t\t\t<div class=\"elementor-column elementor-col-100 elementor-inner-column elementor-element elementor-element-33af66f1\" data-id=\"33af66f1\" data-element_type=\"column\">\n\t\t\t<div class=\"elementor-widget-wrap elementor-element-populated\">\n\t\t\t\t\t\t\t\t<div class=\"elementor-element elementor-element-479c2693 elementor-widget elementor-widget-heading\" data-id=\"479c2693\" data-element_type=\"widget\" data-widget_type=\"heading.default\">\n\t\t\t\t<div class=\"elementor-widget-container\">\n\t\t\t<h3 class=\"elementor-heading-title elementor-size-default\">Vous avez des difficult\u00e9s \u00e0 cr\u00e9er une entreprise ?\n<\/h3>\t\t<\/div>\n\t\t\t\t<\/div>\n\t\t\t\t<div class=\"elementor-element elementor-element-476abd68 elementor-widget elementor-widget-text-editor\" data-id=\"476abd68\" data-element_type=\"widget\" data-widget_type=\"text-editor.default\">\n\t\t\t\t<div class=\"elementor-widget-container\">\n\t\t\t\t\t\t\t\t<div class=\"wpb_column vc_column_container vc_col-sm-6\"><div class=\"vc_column-inner\"><div class=\"wpb_wrapper\"><div class=\"wpb_text_column wpb_content_element wpb_animate_when_almost_visible wpb_left-to-right left-to-right vc_custom_1507834663751 wpb_start_animation animated\"><div class=\"wpb_wrapper\"><div class=\"wpb_column vc_column_container vc_col-sm-6\"><div class=\"vc_column-inner\"><div class=\"wpb_wrapper\"><div class=\"wpb_text_column wpb_content_element wpb_animate_when_almost_visible wpb_left-to-right left-to-right vc_custom_1507834663751 wpb_start_animation animated\"><div class=\"wpb_wrapper\"><p>La triste v\u00e9rit\u00e9 est que plus de 90% (9 sur 10) des d\u00e9marrages de petites entreprises \u00e9chouent. De nombreuses variables et raisons expliquent ce cauchemar statistique, mais les raisons les plus courantes sont le manque de planification \u00e0 court et \u00e0 long terme. Outre la planification, de nombreuses entreprises \u00e9chouent simplement \u00e0 cause d'un mauvais leadership.<\/p><p>Prenez une entreprise de services, par exemple. L'histoire typique d'un entrepreneur ou d'une petite entreprise est celle d'une personne qui s'est d\u00e9men\u00e9e au travail et qui, \u00e0 un moment donn\u00e9, a eu le sentiment de ne pas \u00eatre appr\u00e9ci\u00e9e ou de pouvoir faire les choses beaucoup mieux et gagner plus d'argent, \u00e0 sa fa\u00e7on. Elle quitte son emploi et se lance dans l'aventure de la cr\u00e9ation d'une petite entreprise. Ils peuvent \u00eatre excellents dans leur service ou leur domaine de comp\u00e9tence, mais ne savent pas comment g\u00e9rer une entreprise. Malheureusement, le dicton que nous avons appris en grandissant, \" fais ce que tu aimes et l'argent suivra \" change lorsqu'il s'agit d'\u00eatre le propri\u00e9taire de l'entreprise. Vous pouvez aimer ce que vous faites toute la journ\u00e9e, mais si vous ne g\u00e9rez pas l'entreprise correctement, ce que vous aimez peut tr\u00e8s rapidement mettre votre entreprise en p\u00e9ril.<\/p><\/div><\/div><\/div><\/div><\/div><\/div><\/div><\/div><\/div><\/div>\t\t\t\t\t\t<\/div>\n\t\t\t\t<\/div>\n\t\t\t\t\t<\/div>\n\t\t<\/div>\n\t\t\t\t\t\t\t<\/div>\n\t\t<\/section>\n\t\t\t\t\t<\/div>\n\t\t<\/div>\n\t\t\t\t<div class=\"elementor-column elementor-col-50 elementor-top-column elementor-element elementor-element-6e36a400\" data-id=\"6e36a400\" data-element_type=\"column\">\n\t\t\t<div class=\"elementor-widget-wrap elementor-element-populated\">\n\t\t\t\t\t\t\t\t<div class=\"elementor-element elementor-element-28f3c00 elementor-widget elementor-widget-image\" data-id=\"28f3c00\" data-element_type=\"widget\" data-widget_type=\"image.default\">\n\t\t\t\t<div class=\"elementor-widget-container\">\n\t\t\t\t\t\t\t\t\t\t\t\t\t\t\t<img width=\"400\" height=\"400\" src=\"https:\/\/www.plexissolutions.com\/wp-content\/uploads\/2021\/05\/briefcase-infographic-400x400-1.png\" class=\"attachment-large size-large\" alt=\"\" loading=\"lazy\" srcset=\"https:\/\/www.plexissolutions.com\/wp-content\/uploads\/2021\/05\/briefcase-infographic-400x400-1.png 400w, https:\/\/www.plexissolutions.com\/wp-content\/uploads\/2021\/05\/briefcase-infographic-400x400-1-300x300.png 300w, https:\/\/www.plexissolutions.com\/wp-content\/uploads\/2021\/05\/briefcase-infographic-400x400-1-150x150.png 150w\" sizes=\"(max-width: 400px) 100vw, 400px\" \/>\t\t\t\t\t\t\t\t\t\t\t\t\t\t\t<\/div>\n\t\t\t\t<\/div>\n\t\t\t\t\t<\/div>\n\t\t<\/div>\n\t\t\t\t\t\t\t<\/div>\n\t\t<\/section>\n\t\t\t\t<section class=\"elementor-section elementor-top-section elementor-element elementor-element-2b6f2634 elementor-section-stretched elementor-section-boxed elementor-section-height-default elementor-section-height-default\" data-id=\"2b6f2634\" data-element_type=\"section\" data-settings=\"{&quot;stretch_section&quot;:&quot;section-stretched&quot;,&quot;background_background&quot;:&quot;classic&quot;}\">\n\t\t\t\t\t\t<div class=\"elementor-container elementor-column-gap-no\">\n\t\t\t\t\t<div class=\"elementor-column elementor-col-50 elementor-top-column elementor-element elementor-element-4ce05a0f\" data-id=\"4ce05a0f\" data-element_type=\"column\">\n\t\t\t<div class=\"elementor-widget-wrap elementor-element-populated\">\n\t\t\t\t\t\t\t\t<div class=\"elementor-element elementor-element-48190a44 elementor-widget elementor-widget-image\" data-id=\"48190a44\" data-element_type=\"widget\" data-widget_type=\"image.default\">\n\t\t\t\t<div class=\"elementor-widget-container\">\n\t\t\t\t\t\t\t\t\t\t\t\t\t\t\t<img width=\"1024\" height=\"683\" src=\"https:\/\/www.plexissolutions.com\/wp-content\/uploads\/2021\/05\/people-coffee-tea-meeting-1024x683.jpg\" class=\"attachment-large size-large\" alt=\"\" loading=\"lazy\" srcset=\"https:\/\/www.plexissolutions.com\/wp-content\/uploads\/2021\/05\/people-coffee-tea-meeting-1024x683.jpg 1024w, https:\/\/www.plexissolutions.com\/wp-content\/uploads\/2021\/05\/people-coffee-tea-meeting-300x200.jpg 300w, https:\/\/www.plexissolutions.com\/wp-content\/uploads\/2021\/05\/people-coffee-tea-meeting-768x512.jpg 768w, https:\/\/www.plexissolutions.com\/wp-content\/uploads\/2021\/05\/people-coffee-tea-meeting-1536x1024.jpg 1536w, https:\/\/www.plexissolutions.com\/wp-content\/uploads\/2021\/05\/people-coffee-tea-meeting-2048x1365.jpg 2048w\" sizes=\"(max-width: 1024px) 100vw, 1024px\" \/>\t\t\t\t\t\t\t\t\t\t\t\t\t\t\t<\/div>\n\t\t\t\t<\/div>\n\t\t\t\t\t<\/div>\n\t\t<\/div>\n\t\t\t\t<div class=\"elementor-column elementor-col-50 elementor-top-column elementor-element elementor-element-1c0310e\" data-id=\"1c0310e\" data-element_type=\"column\">\n\t\t\t<div class=\"elementor-widget-wrap elementor-element-populated\">\n\t\t\t\t\t\t\t\t<div class=\"elementor-element elementor-element-6508d43e elementor-widget elementor-widget-heading\" data-id=\"6508d43e\" data-element_type=\"widget\" data-widget_type=\"heading.default\">\n\t\t\t\t<div class=\"elementor-widget-container\">\n\t\t\t<h3 class=\"elementor-heading-title elementor-size-default\">Qu'est-ce qu'un contrat pour les petites entreprises ?<\/h3>\t\t<\/div>\n\t\t\t\t<\/div>\n\t\t\t\t<div class=\"elementor-element elementor-element-16facc60 elementor-widget-divider--view-line elementor-widget elementor-widget-divider\" data-id=\"16facc60\" data-element_type=\"widget\" data-widget_type=\"divider.default\">\n\t\t\t\t<div class=\"elementor-widget-container\">\n\t\t\t\t\t<div class=\"elementor-divider\">\n\t\t\t<span class=\"elementor-divider-separator\">\n\t\t\t\t\t\t<\/span>\n\t\t<\/div>\n\t\t\t\t<\/div>\n\t\t\t\t<\/div>\n\t\t\t\t<div class=\"elementor-element elementor-element-2e17dc22 elementor-icon-list--layout-traditional elementor-list-item-link-full_width elementor-widget elementor-widget-icon-list\" data-id=\"2e17dc22\" data-element_type=\"widget\" data-widget_type=\"icon-list.default\">\n\t\t\t\t<div class=\"elementor-widget-container\">\n\t\t\t\t\t<ul class=\"elementor-icon-list-items\">\n\t\t\t\t\t\t\t<li class=\"elementor-icon-list-item\">\n\t\t\t\t\t\t\t\t\t\t\t<span class=\"elementor-icon-list-icon\">\n\t\t\t\t\t\t\t<i aria-hidden=\"true\" class=\"fas fa-check\"><\/i>\t\t\t\t\t\t<\/span>\n\t\t\t\t\t\t\t\t\t\t<span class=\"elementor-icon-list-text\">Faire des recherches pour comprendre votre activit\u00e9<\/span>\n\t\t\t\t\t\t\t\t\t<\/li>\n\t\t\t\t\t\t\t\t<li class=\"elementor-icon-list-item\">\n\t\t\t\t\t\t\t\t\t\t\t<span class=\"elementor-icon-list-icon\">\n\t\t\t\t\t\t\t<i aria-hidden=\"true\" class=\"fas fa-check\"><\/i>\t\t\t\t\t\t<\/span>\n\t\t\t\t\t\t\t\t\t\t<span class=\"elementor-icon-list-text\">vous aider \u00e0 d\u00e9velopper des comp\u00e9tences et des connaissances \u00e0 appliquer \u00e0 votre entreprise<\/span>\n\t\t\t\t\t\t\t\t\t<\/li>\n\t\t\t\t\t\t\t\t<li class=\"elementor-icon-list-item\">\n\t\t\t\t\t\t\t\t\t\t\t<span class=\"elementor-icon-list-icon\">\n\t\t\t\t\t\t\t<i aria-hidden=\"true\" class=\"fas fa-check\"><\/i>\t\t\t\t\t\t<\/span>\n\t\t\t\t\t\t\t\t\t\t<span class=\"elementor-icon-list-text\">Am\u00e9liorer votre entreprise en \u00e9valuant ses faiblesses et en apportant des solutions<\/span>\n\t\t\t\t\t\t\t\t\t<\/li>\n\t\t\t\t\t\t\t\t<li class=\"elementor-icon-list-item\">\n\t\t\t\t\t\t\t\t\t\t\t<span class=\"elementor-icon-list-icon\">\n\t\t\t\t\t\t\t<i aria-hidden=\"true\" class=\"fas fa-check\"><\/i>\t\t\t\t\t\t<\/span>\n\t\t\t\t\t\t\t\t\t\t<span class=\"elementor-icon-list-text\">Strat\u00e9gie, planification et r\u00e9solution de probl\u00e8mes<\/span>\n\t\t\t\t\t\t\t\t\t<\/li>\n\t\t\t\t\t\t\t\t<li class=\"elementor-icon-list-item\">\n\t\t\t\t\t\t\t\t\t\t\t<span class=\"elementor-icon-list-icon\">\n\t\t\t\t\t\t\t<i aria-hidden=\"true\" class=\"fas fa-check\"><\/i>\t\t\t\t\t\t<\/span>\n\t\t\t\t\t\t\t\t\t\t<span class=\"elementor-icon-list-text\">Mod\u00e8le d'entreprise<\/span>\n\t\t\t\t\t\t\t\t\t<\/li>\n\t\t\t\t\t\t\t\t<li class=\"elementor-icon-list-item\">\n\t\t\t\t\t\t\t\t\t\t\t<span class=\"elementor-icon-list-icon\">\n\t\t\t\t\t\t\t<i aria-hidden=\"true\" class=\"fas fa-check\"><\/i>\t\t\t\t\t\t<\/span>\n\t\t\t\t\t\t\t\t\t\t<span class=\"elementor-icon-list-text\">Plan de marketing<\/span>\n\t\t\t\t\t\t\t\t\t<\/li>\n\t\t\t\t\t\t\t\t<li class=\"elementor-icon-list-item\">\n\t\t\t\t\t\t\t\t\t\t\t<span class=\"elementor-icon-list-icon\">\n\t\t\t\t\t\t\t<i aria-hidden=\"true\" class=\"fas fa-check\"><\/i>\t\t\t\t\t\t<\/span>\n\t\t\t\t\t\t\t\t\t\t<span class=\"elementor-icon-list-text\">Vous mettre sur la bonne voie pour r\u00e9ussir<\/span>\n\t\t\t\t\t\t\t\t\t<\/li>\n\t\t\t\t\t\t<\/ul>\n\t\t\t\t<\/div>\n\t\t\t\t<\/div>\n\t\t\t\t\t<\/div>\n\t\t<\/div>\n\t\t\t\t\t\t\t<\/div>\n\t\t<\/section>\n\t\t\t\t<section class=\"elementor-section elementor-top-section elementor-element elementor-element-a2e8748 elementor-section-boxed elementor-section-height-default elementor-section-height-default\" data-id=\"a2e8748\" data-element_type=\"section\" data-settings=\"{&quot;background_background&quot;:&quot;classic&quot;}\">\n\t\t\t\t\t\t<div class=\"elementor-container elementor-column-gap-default\">\n\t\t\t\t\t<div class=\"elementor-column elementor-col-100 elementor-top-column elementor-element elementor-element-206c34a5\" data-id=\"206c34a5\" data-element_type=\"column\">\n\t\t\t<div class=\"elementor-widget-wrap elementor-element-populated\">\n\t\t\t\t\t\t\t\t<div class=\"elementor-element elementor-element-5f12f350 elementor-widget elementor-widget-heading\" data-id=\"5f12f350\" data-element_type=\"widget\" data-widget_type=\"heading.default\">\n\t\t\t\t<div class=\"elementor-widget-container\">\n\t\t\t<h1 class=\"elementor-heading-title elementor-size-default\">Offres de services<\/h1>\t\t<\/div>\n\t\t\t\t<\/div>\n\t\t\t\t<div class=\"elementor-element elementor-element-5e6b2b4 elementor-widget-divider--view-line elementor-widget elementor-widget-divider\" data-id=\"5e6b2b4\" data-element_type=\"widget\" data-widget_type=\"divider.default\">\n\t\t\t\t<div class=\"elementor-widget-container\">\n\t\t\t\t\t<div class=\"elementor-divider\">\n\t\t\t<span class=\"elementor-divider-separator\">\n\t\t\t\t\t\t<\/span>\n\t\t<\/div>\n\t\t\t\t<\/div>\n\t\t\t\t<\/div>\n\t\t\t\t<section class=\"elementor-section elementor-inner-section elementor-element elementor-element-24f91e53 elementor-section-boxed elementor-section-height-default elementor-section-height-default\" data-id=\"24f91e53\" data-element_type=\"section\" data-settings=\"{&quot;background_background&quot;:&quot;classic&quot;}\">\n\t\t\t\t\t\t<div class=\"elementor-container elementor-column-gap-default\">\n\t\t\t\t\t<div class=\"elementor-column elementor-col-50 elementor-inner-column elementor-element elementor-element-286a325\" data-id=\"286a325\" data-element_type=\"column\">\n\t\t\t<div class=\"elementor-widget-wrap elementor-element-populated\">\n\t\t\t\t\t\t\t\t<div class=\"elementor-element elementor-element-f6cd815 elementor-widget elementor-widget-image\" data-id=\"f6cd815\" data-element_type=\"widget\" data-widget_type=\"image.default\">\n\t\t\t\t<div class=\"elementor-widget-container\">\n\t\t\t\t\t\t\t\t\t\t\t\t\t\t\t<img width=\"1024\" height=\"683\" src=\"https:\/\/www.plexissolutions.com\/wp-content\/uploads\/2021\/05\/iStock-618454786-1024x683.jpeg\" class=\"attachment-large size-large\" alt=\"\" loading=\"lazy\" srcset=\"https:\/\/www.plexissolutions.com\/wp-content\/uploads\/2021\/05\/iStock-618454786-1024x683.jpeg 1024w, https:\/\/www.plexissolutions.com\/wp-content\/uploads\/2021\/05\/iStock-618454786-300x200.jpeg 300w, https:\/\/www.plexissolutions.com\/wp-content\/uploads\/2021\/05\/iStock-618454786-768x513.jpeg 768w, https:\/\/www.plexissolutions.com\/wp-content\/uploads\/2021\/05\/iStock-618454786.jpeg 1254w\" sizes=\"(max-width: 1024px) 100vw, 1024px\" \/>\t\t\t\t\t\t\t\t\t\t\t\t\t\t\t<\/div>\n\t\t\t\t<\/div>\n\t\t\t\t\t<\/div>\n\t\t<\/div>\n\t\t\t\t<div class=\"elementor-column elementor-col-50 elementor-inner-column elementor-element elementor-element-c1ad416\" data-id=\"c1ad416\" data-element_type=\"column\">\n\t\t\t<div class=\"elementor-widget-wrap elementor-element-populated\">\n\t\t\t\t\t\t\t\t<div class=\"elementor-element elementor-element-125264e6 elementor-widget elementor-widget-text-editor\" data-id=\"125264e6\" data-element_type=\"widget\" data-widget_type=\"text-editor.default\">\n\t\t\t\t<div class=\"elementor-widget-container\">\n\t\t\t\t\t\t\t\t<p><span style=\"font-size: 18px;\">Une consultation initiale gratuite, puis des forfaits de consultation avec un engagement annuel, con\u00e7us pour vous maintenir sur la voie du succ\u00e8s et d\u00e9passer de 90 % les statistiques d'\u00e9chec. Nous proposons des s\u00e9ances de consultation sur une base hebdomadaire, bimensuelle ou mensuelle. Lorsque vous travaillez pour une organisation, vous avez un manager ou un patron \u00e0 qui vous devez rendre compte r\u00e9guli\u00e8rement afin de partager vos succ\u00e8s, vos \u00e9checs ou simplement demander de l'aide. Lorsque vous commencez votre parcours d'entrepreneur ou de petite entreprise, vous \u00eates souvent laiss\u00e9 dans le noir lorsque vous devez prendre des d\u00e9cisions importantes ou essayer de comprendre des choses. C'est l\u00e0 que Plexis Solutions entre en sc\u00e8ne..... Plut\u00f4t que d'agir comme votre \"patron\" ou votre \"gestionnaire\", nous sommes votre partenaire pour le succ\u00e8s !<\/span><\/p>\t\t\t\t\t\t<\/div>\n\t\t\t\t<\/div>\n\t\t\t\t\t<\/div>\n\t\t<\/div>\n\t\t\t\t\t\t\t<\/div>\n\t\t<\/section>\n\t\t\t\t\t<\/div>\n\t\t<\/div>\n\t\t\t\t\t\t\t<\/div>\n\t\t<\/section>\n\t\t\t\t<section class=\"elementor-section elementor-top-section elementor-element elementor-element-7c99d4bd elementor-section-boxed elementor-section-height-default elementor-section-height-default\" data-id=\"7c99d4bd\" data-element_type=\"section\" data-settings=\"{&quot;background_background&quot;:&quot;classic&quot;}\">\n\t\t\t\t\t\t<div class=\"elementor-container elementor-column-gap-default\">\n\t\t\t\t\t<div class=\"elementor-column elementor-col-100 elementor-top-column elementor-element elementor-element-21610b5d\" data-id=\"21610b5d\" data-element_type=\"column\">\n\t\t\t<div class=\"elementor-widget-wrap elementor-element-populated\">\n\t\t\t\t\t\t\t\t<div class=\"elementor-element elementor-element-29fd222c elementor-widget elementor-widget-heading\" data-id=\"29fd222c\" data-element_type=\"widget\" data-widget_type=\"heading.default\">\n\t\t\t\t<div class=\"elementor-widget-container\">\n\t\t\t<h2 class=\"elementor-heading-title elementor-size-default\">N'h\u00e9sitez pas \u00e0 nous contacter d\u00e8s aujourd'hui pour savoir si cela peut convenir \u00e0 votre entreprise.<\/h2>\t\t<\/div>\n\t\t\t\t<\/div>\n\t\t\t\t<div class=\"elementor-element elementor-element-2f422d09 elementor-widget-divider--view-line elementor-widget elementor-widget-divider\" data-id=\"2f422d09\" data-element_type=\"widget\" data-widget_type=\"divider.default\">\n\t\t\t\t<div class=\"elementor-widget-container\">\n\t\t\t\t\t<div class=\"elementor-divider\">\n\t\t\t<span class=\"elementor-divider-separator\">\n\t\t\t\t\t\t<\/span>\n\t\t<\/div>\n\t\t\t\t<\/div>\n\t\t\t\t<\/div>\n\t\t\t\t<div class=\"elementor-element elementor-element-7389a7f3 elementor-align-center elementor-widget elementor-widget-button\" data-id=\"7389a7f3\" data-element_type=\"widget\" data-widget_type=\"button.default\">\n\t\t\t\t<div class=\"elementor-widget-container\">\n\t\t\t\t\t<div class=\"elementor-button-wrapper\">\n\t\t\t<a href=\"https:\/\/www.plexissolutions.com\/fr\/contact\/\" class=\"elementor-button-link elementor-button elementor-size-sm\" role=\"button\">\n\t\t\t\t\t\t<span class=\"elementor-button-content-wrapper\">\n\t\t\t\t\t\t<span class=\"elementor-button-text\">Remplissez votre formulaire de contact rapide<\/span>\n\t\t<\/span>\n\t\t\t\t\t<\/a>\n\t\t<\/div>\n\t\t\t\t<\/div>\n\t\t\t\t<\/div>\n\t\t\t\t\t<\/div>\n\t\t<\/div>\n\t\t\t\t\t\t\t<\/div>\n\t\t<\/section>\n\t\t\t\t\t\t<\/div>\n\t\t\t\t\t<\/div>","protected":false},"excerpt":{"rendered":"<p>Small Business Consulting We help you develop skills and knowledge to apply to your business Having trouble starting a business? The unfortunate truth is that more than 90% (9 out of 10) small business startups fail. There are many variables and reasons for this statistical nightmare, but the most common reasons are the lack of &hellip;<\/p>\n<p class=\"read-more\"> <a class=\"\" href=\"https:\/\/www.plexissolutions.com\/fr\/solutions\/small-business-consulting\/\"> <span class=\"screen-reader-text\">Conseil aux petites entreprises<\/span> Lire la suite\u00a0\u00bb<\/a><\/p>","protected":false},"author":1,"featured_media":0,"parent":2146,"menu_order":0,"comment_status":"closed","ping_status":"closed","template":"","meta":[],"_links":{"self":[{"href":"https:\/\/www.plexissolutions.com\/fr\/wp-json\/wp\/v2\/pages\/2404"}],"collection":[{"href":"https:\/\/www.plexissolutions.com\/fr\/wp-json\/wp\/v2\/pages"}],"about":[{"href":"https:\/\/www.plexissolutions.com\/fr\/wp-json\/wp\/v2\/types\/page"}],"author":[{"embeddable":true,"href":"https:\/\/www.plexissolutions.com\/fr\/wp-json\/wp\/v2\/users\/1"}],"replies":[{"embeddable":true,"href":"https:\/\/www.plexissolutions.com\/fr\/wp-json\/wp\/v2\/comments?post=2404"}],"version-history":[{"count":28,"href":"https:\/\/www.plexissolutions.com\/fr\/wp-json\/wp\/v2\/pages\/2404\/revisions"}],"predecessor-version":[{"id":2513,"href":"https:\/\/www.plexissolutions.com\/fr\/wp-json\/wp\/v2\/pages\/2404\/revisions\/2513"}],"up":[{"embeddable":true,"href":"https:\/\/www.plexissolutions.com\/fr\/wp-json\/wp\/v2\/pages\/2146"}],"wp:attachment":[{"href":"https:\/\/www.plexissolutions.com\/fr\/wp-json\/wp\/v2\/media?parent=2404"}],"curies":[{"name":"wp","href":"https:\/\/api.w.org\/{rel}","templated":true}]}}